{"id":2940,"date":"2022-05-11T11:15:18","date_gmt":"2022-05-11T09:15:18","guid":{"rendered":"http:\/\/www.mamagea.it\/2021\/?page_id=2940"},"modified":"2025-11-28T01:25:21","modified_gmt":"2025-11-28T00:25:21","slug":"come-nascono-i-bambini","status":"publish","type":"page","link":"https:\/\/www.mamagea.it\/2021\/come-nascono-i-bambini\/","title":{"rendered":"Da Dove Vengono i Bambini"},"content":{"rendered":"<div class=\"bt_bb_wrapper\"><section id=\"bt_bb_section69ef9abf13c9c\" data-parallax=\"0.6\" data-parallax-offset=\"0\" data-background_image_src=\"'https:\/\/www.mamagea.it\/2021\/wp-content\/uploads\/2020\/04\/bgn-blurb-1.png'\" class=\"bt_bb_section bt_bb_top_spacing_medium bt_bb_color_scheme_11 bt_bb_layout_boxed_1200 bt_bb_vertical_align_top btLazyLoadBackground bt_bb_background_image bt_bb_parallax\" style=\"background-image:url(&#039;https:\/\/www.mamagea.it\/2021\/wp-content\/plugins\/bold-page-builder\/img\/blank.gif&#039;);;background-color:#fdabb7;\"><div class=\"bt_bb_port\"><div class=\"bt_bb_cell\"><div class=\"bt_bb_cell_inner\"><div class=\"bt_bb_row_wrapper\"><div  class=\"bt_bb_row\" ><div  class=\"bt_bb_column col-xxl-6 col-xl-6 bt_bb_vertical_align_bottom bt_bb_align_left bt_bb_padding_normal\"  data-width=\"6\" data-bt-override-class=\"{}\"><div class=\"bt_bb_column_content\"><div class=\"bt_bb_separator bt_bb_bottom_spacing_medium bt_bb_border_style_none\"><\/div><div class=\"bt_bb_separator bt_bb_bottom_spacing_medium bt_bb_border_style_none\"><\/div><header class=\"bt_bb_headline bt_bb_font_weight_bold bt_bb_dash_none bt_bb_size_huge bt_bb_align_inherit bt_bb_dash_type_none\" data-bt-override-class=\"{&quot;bt_bb_align_&quot;:{&quot;current_class&quot;:&quot;bt_bb_align_inherit&quot;,&quot;xl&quot;:&quot;inherit&quot;}}\"><h1 class=\"bt_bb_headline_tag\"><span class=\"bt_bb_headline_content\"><span>Salute riproduttiva per bambini e adolescenti<\/span><\/span><\/h1><\/header><div class=\"bt_bb_separator bt_bb_bottom_spacing_large bt_bb_border_style_none\"><\/div><\/div><\/div><div  class=\"bt_bb_column col-xxl-6 col-xl-6 bt_bb_vertical_align_bottom bt_bb_align_center bt_bb_padding_normal bt_bb_animation_fade_in bt_bb_animation_move_up animate\" style=\"position: relative;\" data-width=\"6\" data-bt-override-class=\"{}\"><div class=\"bt_bb_column_content\"><div class=\"bt_bb_floating_image bt_bb_floating_image_horizontal_position_center bt_bb_floating_image_vertical_position_bottom bt_bb_floating_image_animation_delay_default bt_bb_floating_image_animation_duration_default bt_bb_floating_image_animation_style_ease_out\" style=\"max-width: 520px;\" data-speed=\"1.0\"><div class=\"bt_bb_floating_image_image\" data-speed=\"1.0\"><div class=\"bt_bb_image\" data-bt-override-class=\"{}\"><span><img loading=\"lazy\" decoding=\"async\" width=\"931\" height=\"942\" src=\"https:\/\/www.mamagea.it\/2021\/wp-content\/uploads\/2020\/04\/floater-1.png\" class=\"attachment-full size-full\" alt=\"https:\/\/www.mamagea.it\/2021\/wp-content\/uploads\/2020\/04\/floater-1.png\" data-full_image_src=\"https:\/\/www.mamagea.it\/2021\/wp-content\/uploads\/2020\/04\/floater-1.png\" title=\"floater-1\" srcset=\"https:\/\/www.mamagea.it\/2021\/wp-content\/uploads\/2020\/04\/floater-1.png 931w, https:\/\/www.mamagea.it\/2021\/wp-content\/uploads\/2020\/04\/floater-1-640x648.png 640w, https:\/\/www.mamagea.it\/2021\/wp-content\/uploads\/2020\/04\/floater-1-768x777.png 768w, https:\/\/www.mamagea.it\/2021\/wp-content\/uploads\/2020\/04\/floater-1-320x324.png 320w\" sizes=\"auto, (max-width: 931px) 100vw, 931px\" \/><\/span><\/div><\/div><\/div><\/div><\/div><\/div><\/div><\/div><\/div><\/div><\/section><section id=\"bt_bb_section69ef9abf149f9\"  class=\"bt_bb_section bt_bb_top_spacing_large bt_bb_bottom_spacing_large bt_bb_layout_boxed_1200 bt_bb_vertical_align_top\" ><div class=\"bt_bb_port\"><div class=\"bt_bb_cell\"><div class=\"bt_bb_cell_inner\"><div class=\"bt_bb_row_wrapper\"><div  class=\"bt_bb_row\" ><div  class=\"bt_bb_column col-xxl-12 col-xl-12 col-xs-12 col-sm-12 col-md-12 col-lg-12 bt_bb_vertical_align_top bt_bb_align_left bt_bb_mobile_align_to_both_edges bt_bb_padding_normal bt_bb_animation_fade_in animate\"  data-width=\"12\" data-bt-override-class=\"{}\"><div class=\"bt_bb_column_content\"><header class=\"bt_bb_headline bt_bb_font_weight_bolder bt_bb_color_scheme_16 bt_bb_dash_none bt_bb_size_huge bt_bb_align_inherit bt_bb_dash_type_none\" data-bt-override-class=\"{&quot;bt_bb_align_&quot;:{&quot;current_class&quot;:&quot;bt_bb_align_inherit&quot;,&quot;xl&quot;:&quot;inherit&quot;}}\"><h2 class=\"bt_bb_headline_tag\"><span class=\"bt_bb_headline_content\"><span><small>Da Dove Vengono<\/small><br \/>\r\ni Bambini<\/span><\/span><\/h2><\/header><div class=\"bt_bb_separator bt_bb_bottom_spacing_small bt_bb_border_style_none\"><\/div><div  class=\"bt_bb_text\" ><p>Un incontro dedicato a Genitori&amp;Figli di eta&#8217; compresa tra i 10 e i 15 anni per affrontare con serenit\u00e0 e rispetto le seguenti tematiche:<br \/>\n&#8211; anatomia dell&#8217;uomo e della donna e fasi dello sviluppo fisico della pubert\u00e0<br \/>\n&#8211; il menarca nella ragazza e maturit\u00e0 sessuale nel ragazzo<br \/>\n&#8211; come avviene il concepimento (l\u2019unione tra ovulo e spermatozoo) e il conseguente sviluppo della gravidanza.<\/p>\n<p>L\u2019ostetrica affronter\u00e0 assieme a voi questi delicati argomenti, spesso fonte di preoccupazione o timidezza per i genitori, con l\u2019ausilio di semplici illustrazioni e terminologia\/spiegazioni adatti alla loro et\u00e0.<br \/>\nFinalmente verranno sfatati alcuni miti a cui probabilmente i vostri figli gi\u00e0 non credono pi\u00f9 da un pezzo! (Tipo la cicogna, il cavolo ecc.) ed infine genitori e i ragazzi potranno tornare a casa con spiegazioni chiare e molti spunti per continuare l\u2019argomento serenamente anche a casa!<\/p>\n<h3>Informazioni utili<\/h3>\n<p>L&#8217;incontro \u00e8 aperto a ragazzi e ragazze dai 10 ai 15 anni con i rispettivi genitori, mamma o pap\u00e0. Il numero di partecipanti sar\u00e0 di massimo 10\/15 ragazzi.<br \/>\nL&#8217;incontro si svolge presso la nostra sede, ma pu\u00f2 essere inserito all\u2019interno del programma scolastico o in progetti extrascolastici.<\/p>\n<p>Date 2025 al completo, date per il 2026 in fase di programmazione.<\/p>\n<\/div><\/div><\/div><\/div><\/div><\/div><\/div><\/div><\/section><section id=\"bt_bb_section69ef9abf14f80\"  class=\"bt_bb_section bt_bb_layout_boxed_1200\" ><div class=\"bt_bb_port\"><div class=\"bt_bb_cell\"><div class=\"bt_bb_cell_inner\"><div class=\"bt_bb_row_wrapper\"><div  class=\"bt_bb_row\" ><div  class=\"bt_bb_column col-xxl-6 col-xl-6 col-xs-12 col-sm-6 col-md-6 col-lg-6 bt_bb_vertical_align_top bt_bb_align_left bt_bb_padding_normal\"  data-width=\"6\" data-bt-override-class=\"{}\"><div class=\"bt_bb_column_content\"><header class=\"bt_bb_headline bt_bb_font_weight_bolder bt_bb_color_scheme_16 bt_bb_dash_none bt_bb_size_huge bt_bb_align_inherit bt_bb_dash_type_none\" data-bt-override-class=\"{&quot;bt_bb_align_&quot;:{&quot;current_class&quot;:&quot;bt_bb_align_inherit&quot;,&quot;xl&quot;:&quot;inherit&quot;}}\"><h2 class=\"bt_bb_headline_tag\"><span class=\"bt_bb_headline_content\"><span><small>Richiedi<\/small><br \/>\r\nInformazioni<\/span><\/span><\/h2><\/header><div class=\"bt_bb_separator bt_bb_top_spacing_small bt_bb_bottom_spacing_normal bt_bb_border_style_none\"><\/div><div class=\"bt_bb_contact_form_7\"><div role=\"form\" class=\"wpcf7\" id=\"wpcf7-f2841-o1\" lang=\"it-IT\" dir=\"ltr\">\n<div class=\"screen-reader-response\"><p role=\"status\" aria-live=\"polite\" aria-atomic=\"true\"><\/p> <ul><\/ul><\/div>\n<form action=\"\/2021\/wp-json\/wp\/v2\/pages\/2940#wpcf7-f2841-o1\" method=\"post\" class=\"wpcf7-form init\" novalidate=\"novalidate\" data-status=\"init\">\n<div style=\"display: none;\">\n<input type=\"hidden\" name=\"_wpcf7\" value=\"2841\" \/>\n<input type=\"hidden\" name=\"_wpcf7_version\" value=\"5.5.2\" \/>\n<input type=\"hidden\" name=\"_wpcf7_locale\" value=\"it_IT\" \/>\n<input type=\"hidden\" name=\"_wpcf7_unit_tag\" value=\"wpcf7-f2841-o1\" \/>\n<input type=\"hidden\" name=\"_wpcf7_container_post\" value=\"0\" \/>\n<input type=\"hidden\" name=\"_wpcf7_posted_data_hash\" value=\"\" \/>\n<\/div>\n<p><label> Il tuo nome (richiesto)<br \/>\n    <span class=\"wpcf7-form-control-wrap your-name\"><input type=\"text\" name=\"your-name\" value=\"\" size=\"40\" class=\"wpcf7-form-control wpcf7-text wpcf7-validates-as-required\" aria-required=\"true\" aria-invalid=\"false\" \/><\/span> <\/label><\/p>\n<p><label> La tua Email (richiesta)<br \/>\n    <span class=\"wpcf7-form-control-wrap your-email\"><input type=\"email\" name=\"your-email\" value=\"\" size=\"40\" class=\"wpcf7-form-control wpcf7-text wpcf7-email wpcf7-validates-as-required wpcf7-validates-as-email\" aria-required=\"true\" aria-invalid=\"false\" \/><\/span> <\/label><\/p>\n<p><label> Scegli il servizio per il quale richiedi informazioni<br \/>\n   <span class=\"wpcf7-form-control-wrap menu-500\"><select name=\"menu-500\" class=\"wpcf7-form-control wpcf7-select wpcf7-validates-as-required\" aria-required=\"true\" aria-invalid=\"false\"><option value=\"Percorso bimbi 12\/24 mesi: affettivit\u00e0 e contatto con l\u2019altro\">Percorso bimbi 12\/24 mesi: affettivit\u00e0 e contatto con l\u2019altro<\/option><option value=\"Educazione all\u2019affettivit\u00e0 e sessualit\u00e0\">Educazione all\u2019affettivit\u00e0 e sessualit\u00e0<\/option><option value=\"Consulenza adolescenti\">Consulenza adolescenti<\/option><\/select><\/span><\/label><\/p>\n<p><label> Messaggio<br \/>\n    <span class=\"wpcf7-form-control-wrap your-message\"><textarea name=\"your-message\" cols=\"40\" rows=\"10\" class=\"wpcf7-form-control wpcf7-textarea\" aria-invalid=\"false\"><\/textarea><\/span> <\/label><\/p>\n<p><span class=\"wpcf7-form-control-wrap acceptance-862\"><span class=\"wpcf7-form-control wpcf7-acceptance\"><span class=\"wpcf7-list-item\"><input type=\"checkbox\" name=\"acceptance-862\" value=\"1\" aria-invalid=\"false\" \/><\/span><\/span><\/span> Accetto le condizioni dettagliate alla pagina \"<a href=\"http:\/\/mamagea.it\/privacy\">Informativa<\/a>\" del presente sito web<\/p>\n<p>[recaptcha]<\/p>\n<p><input type=\"submit\" value=\"Invia\" class=\"wpcf7-form-control has-spinner wpcf7-submit\" \/><\/p>\n<div class=\"wpcf7-response-output\" aria-hidden=\"true\"><\/div><\/form><\/div><\/div><\/div><\/div><div  class=\"bt_bb_column col-xxl-6 col-xl-6 col-xs-12 col-sm-6 col-md-6 col-lg-6 bt_bb_vertical_align_top bt_bb_align_left bt_bb_padding_normal\"  data-width=\"6\" data-bt-override-class=\"{}\"><div class=\"bt_bb_column_content\"><header class=\"bt_bb_headline bt_bb_font_weight_bolder bt_bb_color_scheme_16 bt_bb_dash_none bt_bb_size_huge bt_bb_align_inherit bt_bb_dash_type_none\" data-bt-override-class=\"{&quot;bt_bb_align_&quot;:{&quot;current_class&quot;:&quot;bt_bb_align_inherit&quot;,&quot;xl&quot;:&quot;inherit&quot;}}\"><h2 class=\"bt_bb_headline_tag\"><span class=\"bt_bb_headline_content\"><span><small>I Nostri Corsi<\/small><br \/>\r\nPer Te<\/span><\/span><\/h2><\/header><div class=\"bt_bb_separator bt_bb_top_spacing_small bt_bb_bottom_spacing_normal bt_bb_border_style_none\"><\/div><div class=\"bt_bb_latest_posts bt_bb_columns_1 bt_bb_gap_normal bt_bb_look_clean_author bt_bb_image_shape_square\"><\/div><\/div><\/div><\/div><\/div><\/div><\/div><\/div><\/section><\/div>","protected":false},"excerpt":{"rendered":"<p>Distinctively exploit optimal alignments for intuitive bandwidth. Quickly coordinate e-business applications through revolutionary catalysts for change. Seamlessly underwhelm optimal testing procedures whereas bricks-and-clicks processes.<\/p>\n","protected":false},"author":1,"featured_media":0,"parent":0,"menu_order":0,"comment_status":"closed","ping_status":"closed","template":"","meta":{"footnotes":""},"class_list":["post-2940","page","type-page","status-publish","hentry"],"_links":{"self":[{"href":"https:\/\/www.mamagea.it\/2021\/wp-json\/wp\/v2\/pages\/2940","targetHints":{"allow":["GET"]}}],"collection":[{"href":"https:\/\/www.mamagea.it\/2021\/wp-json\/wp\/v2\/pages"}],"about":[{"href":"https:\/\/www.mamagea.it\/2021\/wp-json\/wp\/v2\/types\/page"}],"author":[{"embeddable":true,"href":"https:\/\/www.mamagea.it\/2021\/wp-json\/wp\/v2\/users\/1"}],"replies":[{"embeddable":true,"href":"https:\/\/www.mamagea.it\/2021\/wp-json\/wp\/v2\/comments?post=2940"}],"version-history":[{"count":4,"href":"https:\/\/www.mamagea.it\/2021\/wp-json\/wp\/v2\/pages\/2940\/revisions"}],"predecessor-version":[{"id":3194,"href":"https:\/\/www.mamagea.it\/2021\/wp-json\/wp\/v2\/pages\/2940\/revisions\/3194"}],"wp:attachment":[{"href":"https:\/\/www.mamagea.it\/2021\/wp-json\/wp\/v2\/media?parent=2940"}],"curies":[{"name":"wp","href":"https:\/\/api.w.org\/{rel}","templated":true}]}}