{"id":2854,"date":"2022-02-16T17:34:10","date_gmt":"2022-02-16T16:34:10","guid":{"rendered":"http:\/\/www.mamagea.it\/2021\/?page_id=2854"},"modified":"2025-11-28T01:47:23","modified_gmt":"2025-11-28T00:47:23","slug":"vagy-combi","status":"publish","type":"page","link":"https:\/\/www.mamagea.it\/2021\/vagy-combi\/","title":{"rendered":"Vagy Combi"},"content":{"rendered":"<div class=\"bt_bb_wrapper\"><section id=\"bt_bb_section69ef9ae11c5f8\" data-parallax=\"0.6\" data-parallax-offset=\"0\" data-background_image_src=\"'https:\/\/www.mamagea.it\/2021\/wp-content\/uploads\/2020\/04\/bgn-blurb-1.png'\" class=\"bt_bb_section bt_bb_top_spacing_medium bt_bb_color_scheme_11 bt_bb_layout_boxed_1200 bt_bb_vertical_align_top btLazyLoadBackground bt_bb_background_image bt_bb_parallax\" style=\"background-image:url(&#039;https:\/\/www.mamagea.it\/2021\/wp-content\/plugins\/bold-page-builder\/img\/blank.gif&#039;);;background-color:#fdabb7;\"><div class=\"bt_bb_port\"><div class=\"bt_bb_cell\"><div class=\"bt_bb_cell_inner\"><div class=\"bt_bb_row_wrapper\"><div  class=\"bt_bb_row\" ><div  class=\"bt_bb_column col-xxl-6 col-xl-6 bt_bb_vertical_align_bottom bt_bb_align_left bt_bb_padding_normal\"  data-width=\"6\" data-bt-override-class=\"{}\"><div class=\"bt_bb_column_content\"><div class=\"bt_bb_separator bt_bb_bottom_spacing_medium bt_bb_border_style_none\"><\/div><div class=\"bt_bb_separator bt_bb_bottom_spacing_medium bt_bb_border_style_none\"><\/div><header class=\"bt_bb_headline bt_bb_font_weight_bold bt_bb_dash_none bt_bb_size_huge bt_bb_align_inherit bt_bb_dash_type_none\" data-bt-override-class=\"{&quot;bt_bb_align_&quot;:{&quot;current_class&quot;:&quot;bt_bb_align_inherit&quot;,&quot;xl&quot;:&quot;inherit&quot;}}\"><h1 class=\"bt_bb_headline_tag\"><span class=\"bt_bb_headline_content\"><span>Rieducazione e Riabilitazione del Pavimento Pelvico<\/span><\/span><\/h1><\/header><div class=\"bt_bb_separator bt_bb_bottom_spacing_large bt_bb_border_style_none\"><\/div><\/div><\/div><div  class=\"bt_bb_column col-xxl-6 col-xl-6 bt_bb_vertical_align_bottom bt_bb_align_center bt_bb_padding_normal bt_bb_animation_fade_in bt_bb_animation_move_up animate\" style=\"position: relative;\" data-width=\"6\" data-bt-override-class=\"{}\"><div class=\"bt_bb_column_content\"><div class=\"bt_bb_floating_image bt_bb_floating_image_horizontal_position_center bt_bb_floating_image_vertical_position_bottom bt_bb_floating_image_animation_delay_default bt_bb_floating_image_animation_duration_default bt_bb_floating_image_animation_style_ease_out\" style=\"max-width: 520px;\" data-speed=\"1.0\"><div class=\"bt_bb_floating_image_image\" data-speed=\"1.0\"><div class=\"bt_bb_image\" data-bt-override-class=\"{}\"><span><img loading=\"lazy\" decoding=\"async\" width=\"931\" height=\"942\" src=\"https:\/\/www.mamagea.it\/2021\/wp-content\/uploads\/2020\/04\/floater-1.png\" class=\"attachment-full size-full\" alt=\"https:\/\/www.mamagea.it\/2021\/wp-content\/uploads\/2020\/04\/floater-1.png\" data-full_image_src=\"https:\/\/www.mamagea.it\/2021\/wp-content\/uploads\/2020\/04\/floater-1.png\" title=\"floater-1\" srcset=\"https:\/\/www.mamagea.it\/2021\/wp-content\/uploads\/2020\/04\/floater-1.png 931w, https:\/\/www.mamagea.it\/2021\/wp-content\/uploads\/2020\/04\/floater-1-640x648.png 640w, https:\/\/www.mamagea.it\/2021\/wp-content\/uploads\/2020\/04\/floater-1-768x777.png 768w, https:\/\/www.mamagea.it\/2021\/wp-content\/uploads\/2020\/04\/floater-1-320x324.png 320w\" sizes=\"auto, (max-width: 931px) 100vw, 931px\" \/><\/span><\/div><\/div><\/div><\/div><\/div><\/div><\/div><\/div><\/div><\/div><\/section><section id=\"bt_bb_section69ef9ae11cf62\"  class=\"bt_bb_section bt_bb_top_spacing_large bt_bb_bottom_spacing_large bt_bb_layout_boxed_1200 bt_bb_vertical_align_top\" ><div class=\"bt_bb_port\"><div class=\"bt_bb_cell\"><div class=\"bt_bb_cell_inner\"><div class=\"bt_bb_row_wrapper\"><div  class=\"bt_bb_row\" ><div  class=\"bt_bb_column col-xxl-12 col-xl-12 col-xs-12 col-sm-12 col-md-12 col-lg-12 bt_bb_vertical_align_top bt_bb_align_left bt_bb_mobile_align_to_both_edges bt_bb_padding_normal bt_bb_animation_fade_in animate\"  data-width=\"12\" data-bt-override-class=\"{}\"><div class=\"bt_bb_column_content\"><header class=\"bt_bb_headline bt_bb_font_weight_bolder bt_bb_color_scheme_16 bt_bb_dash_none bt_bb_size_huge bt_bb_align_inherit bt_bb_dash_type_none\" data-bt-override-class=\"{&quot;bt_bb_align_&quot;:{&quot;current_class&quot;:&quot;bt_bb_align_inherit&quot;,&quot;xl&quot;:&quot;inherit&quot;}}\"><h2 class=\"bt_bb_headline_tag\"><span class=\"bt_bb_headline_content\"><span><small>Vagy<\/small><br \/>\r\nCombi<\/span><\/span><\/h2><\/header><div class=\"bt_bb_separator bt_bb_bottom_spacing_small bt_bb_border_style_none\"><\/div><div  class=\"bt_bb_text\" ><div class=\"vc_row wpb_row vc_row-fluid\">\n<div class=\"wpb_column vc_column_container vc_col-sm-8\">\n<div class=\"vc_column-inner\">\n<div class=\"wpb_wrapper\">\n<div class=\"wpb_text_column wpb_content_element \">\n<div class=\"wpb_wrapper\">\n<h4 class=\"p1\"><strong>La tecnologia efficace e non invasiva per il<br \/>\ntrattamento dei disturbi genitali femminili<\/strong><\/h4>\n<\/div>\n<\/div>\n<div class=\"vc_empty_space\"><\/div>\n<\/div>\n<\/div>\n<\/div>\n<\/div>\n<div class=\"vc_row wpb_row vc_row-fluid\">\n<div class=\"wpb_column vc_column_container vc_col-sm-6\">\n<div class=\"vc_column-inner\">\n<div class=\"wpb_wrapper\">\n<div class=\"wpb_text_column wpb_content_element \">\n<div class=\"wpb_wrapper\">\n<p>Vagy Combi \u00e8 il dispositivo, disponibile presso il nostro ambulatorio, progettato e prodotto in Italia ideale per la <strong>riabilitazione del pavimento pelvico<\/strong> e per l\u2019<strong>estetica funzionale<\/strong>. Rappresenta la soluzione indolore e non invasiva per tutte le donne che desiderano rafforzare e tonificare i loro tessuti genitali, al fine di minimizzare i disturbi che influiscono negativamente sia sull\u2019attivit\u00e0 sessuale che sullo stile di vita personale.<\/p>\n<div class=\"qodef-section-title-holder margine-ipp-vagy qodef-st-standard qodef-st-title-left qodef-st-normal-space qodef-st-disable-title-break\">\n<div class=\"qodef-st-inner\">\n<h5 class=\"qodef-st-title\"><strong>Vantaggi<\/strong><\/h5>\n<\/div>\n<\/div>\n<div class=\"wpb_text_column wpb_content_element margine-ipp-vagy\">\n<div class=\"wpb_wrapper\">\n<ul>\n<li>Il trattamento risulta totalmente indolore, esclude categoricamente esiti non desiderati e senza alcuna controindicazione pu\u00f2 essere protratto nel tempo anche per la terapia di patologie croniche.<\/li>\n<li>L\u2019utilizzo di Vagy Combi consente di massimizzare l\u2019efficacia dei farmaci: permette la somministrazione di una quantit\u00e0 ridotta di prodotto e al contempo una pi\u00f9 alta concentrazione dello stesso solo sui distretti interessati dalle patologie, cos\u00ec da aumentarne il potere terapeutico e ridurne l\u2019assorbimento sistemico.<\/li>\n<li>La polivalenza dei trasduttori, che possono essere usati sia per Radiofrequenza che Elettroporazione attraverso un\u2019unica introduzione, garantisce un agevole utilizzo e aumenta la compliance del paziente.<\/li>\n<li>Vagy Combi vanta un sistema diagnostico integrato: il PC-TEST MANOMETRICO valuta l\u2019efficienza del pavimento pelvico, mentre la VIDEOSCOPIA permette la visualizzazione del distretto. Attraverso il software in dotazione su tablet, inoltre, \u00e8 possibile archiviare i dati del paziente, definire il piano terapeutico e procedere alla refertazione.<\/li>\n<\/ul>\n<div class=\"qodef-section-title-holder qodef-st-standard qodef-st-title-left qodef-st-normal-space \">\n<div class=\"qodef-st-inner\">\n<h5><\/h5>\n<h5 class=\"qodef-st-title\"><strong>Indicazioni Terapeutiche<\/strong><\/h5>\n<\/div>\n<\/div>\n<div class=\"vc_empty_space\">-INCONTINENZA URINARIA<\/div>\n<div class=\"qodef-accordion-holder qodef-ac-default velvet2 nascondi-plus qodef-accordion qodef-ac-simple clearfix ui-accordion ui-widget ui-helper-reset\" role=\"tablist\">\n<p id=\"ui-id-1\" class=\"qodef-accordion-title ui-accordion-header ui-corner-top ui-state-default ui-accordion-header-active ui-state-active\" tabindex=\"0\" role=\"tab\" aria-controls=\"ui-id-2\" aria-selected=\"true\" aria-expanded=\"true\"><span class=\"qodef-tab-title\">-PROLASSO URO-GENITALE<\/span><br \/>\n<span class=\"qodef-tab-title\">-IPERTONO PAVIMENTO PELVICO\/VAGINISMO<\/span><br \/>\n<span class=\"qodef-tab-title\">-ESITI CICATRIZIALI DA LACERAZIONI SPONTANEE E POST-EPISIOTOMICHE<\/span><br \/>\n<span class=\"qodef-tab-title\">-ATROFIE\/DISTROFIE GENITALI<\/span><br \/>\n<span class=\"qodef-tab-title\">-LICHEN SCLEROSO<\/span><br \/>\n<span class=\"qodef-tab-title\">-RAPPORTI SESSUALI DOLOROSI \u00a0 \u00a0 \u00a0 \u00a0 \u00a0 \u00a0 \u00a0 \u00a0 \u00a0 \u00a0 \u00a0 \u00a0 \u00a0 \u00a0 \u00a0 \u00a0 \u00a0 \u00a0 \u00a0 \u00a0 \u00a0 \u00a0 \u00a0 \u00a0 \u00a0 \u00a0 \u00a0 \u00a0 \u00a0 \u00a0 \u00a0 \u00a0 \u00a0 \u00a0 \u00a0 \u00a0 \u00a0 \u00a0 \u00a0 \u00a0 \u00a0 \u00a0 \u00a0 \u00a0 \u00a0\u00a0<\/span><span class=\"qodef-tab-title\">&#8211; DISPAREUNIA<\/span><br \/>\n<span class=\"qodef-tab-title\">-DEFICIT DELLA LIBIDO<\/span><br \/>\n<span class=\"qodef-tab-title\">-SECCHEZZA VAGINALE<\/span><\/p>\n<\/div>\n<h6 tabindex=\"0\" role=\"tab\" aria-controls=\"ui-id-20\" aria-selected=\"true\" aria-expanded=\"true\"><\/h6>\n<h6 id=\"ui-id-19\" class=\"qodef-accordion-title ui-accordion-header ui-corner-top ui-state-default ui-accordion-header-active ui-state-active ui-state-focus\" tabindex=\"0\" role=\"tab\" aria-controls=\"ui-id-20\" aria-selected=\"true\" aria-expanded=\"true\"><strong><span class=\"qodef-tab-title\">TECNOLOGIE UTILIZZATE<\/span><\/strong><\/h6>\n<div id=\"ui-id-20\" class=\"qodef-accordion-content ui-accordion-content ui-corner-bottom ui-helper-reset ui-widget-content ui-accordion-content-active\" role=\"tabpanel\" aria-labelledby=\"ui-id-19\" aria-hidden=\"false\">\n<div class=\"qodef-accordion-content-inner\">\n<div class=\"wpb_text_column wpb_content_element \">\n<div class=\"wpb_wrapper\">\n<p><strong>Radiofrequenza <\/strong>La radiofrequenza \u00e8 un onda elettromagnetica che si propaga nello spazio o in un cavo. Nel corpo umano, essa \u00e8 in grado di far sviluppare calore in profondit\u00e0, accelerando il metabolismo tissutale e inducendo neocollagenogenesi tramite stimolazione dei fibroblasti (i quali a loro volta producono acido ialuronico).<br \/>\nDetta energia \u201cbiocompatibile\u201d, ceduta ai substrati biologici, esplica la sua azione terapeutica con due effetti sinergici:<br \/>\n\u2022 Innalzamento del potenziale energetico delle membrane cellulari<br \/>\n\u2022 Aumento della temperatura profonda non per cessione di energia, ma per incremento fisiologico indotto.<br \/>\nNella tecnologia \u00e8 inclusa la possibilit\u00e0 di variare e modulare, secondo le effettive esigenze del paziente, le modalit\u00e0 di funzionamento:<br \/>\n\u2022 Capacitiva\/Resistiva Monopolare\/Bipolare<\/p>\n<p><strong>Elettroporazione <\/strong>Con l\u2019applicazione di un particolare impulso elettrico si induce un aumento transitorio della permeabilit\u00e0 dei tessuti. In questo modo \u00e8 possibile veicolare per via transdermica e in maniera non invasiva vari principi attivi: allopatici, omeopatici, omo tossicologici e Plasma Ricco di Piastrine (PRP). Si favorisce cos\u00ec l\u2019assorbimento transcutaneo di principi attivi con minore assorbimento sistemico e conseguente diminuzione di \u201ctossicit\u00e0\u201d. Di fatto \u00e8 una \u201csiringa virtuale\u201d che \u00e8 in grado di \u201cinoculare\u201c il principio attivo specificatamente dove \u00e8 necessario.<\/p>\n<p><strong>Elettrostimolazione funzionale\u00a0<\/strong>utile per rinforzare o rilassare o ridurre il dolore della muscolatura pelvica.<\/p>\n<\/div>\n<\/div>\n<\/div>\n<\/div>\n<\/div>\n<\/div>\n<\/div>\n<\/div>\n<\/div>\n<\/div>\n<\/div>\n<\/div>\n<\/div><\/div><\/div><\/div><\/div><\/div><\/div><\/div><\/section><section id=\"bt_bb_section69ef9ae11d8f8\"  class=\"bt_bb_section bt_bb_layout_boxed_1200\" ><div class=\"bt_bb_port\"><div class=\"bt_bb_cell\"><div class=\"bt_bb_cell_inner\"><div class=\"bt_bb_row_wrapper\"><div  class=\"bt_bb_row\" ><div  class=\"bt_bb_column col-xxl-6 col-xl-6 col-xs-12 col-sm-6 col-md-6 col-lg-6 bt_bb_vertical_align_top bt_bb_align_left bt_bb_padding_normal\"  data-width=\"6\" data-bt-override-class=\"{}\"><div class=\"bt_bb_column_content\"><header class=\"bt_bb_headline bt_bb_font_weight_bolder bt_bb_color_scheme_16 bt_bb_dash_none bt_bb_size_huge bt_bb_align_inherit bt_bb_dash_type_none\" data-bt-override-class=\"{&quot;bt_bb_align_&quot;:{&quot;current_class&quot;:&quot;bt_bb_align_inherit&quot;,&quot;xl&quot;:&quot;inherit&quot;}}\"><h2 class=\"bt_bb_headline_tag\"><span class=\"bt_bb_headline_content\"><span><small>Richiedi<\/small><br \/>\r\nInformazioni<\/span><\/span><\/h2><\/header><div class=\"bt_bb_separator bt_bb_top_spacing_small bt_bb_bottom_spacing_normal bt_bb_border_style_none\"><\/div><div class=\"bt_bb_contact_form_7\"><div role=\"form\" class=\"wpcf7\" id=\"wpcf7-f2851-o1\" lang=\"it-IT\" dir=\"ltr\">\n<div class=\"screen-reader-response\"><p role=\"status\" aria-live=\"polite\" aria-atomic=\"true\"><\/p> <ul><\/ul><\/div>\n<form action=\"\/2021\/wp-json\/wp\/v2\/pages\/2854#wpcf7-f2851-o1\" method=\"post\" class=\"wpcf7-form init\" novalidate=\"novalidate\" data-status=\"init\">\n<div style=\"display: none;\">\n<input type=\"hidden\" name=\"_wpcf7\" value=\"2851\" \/>\n<input type=\"hidden\" name=\"_wpcf7_version\" value=\"5.5.2\" \/>\n<input type=\"hidden\" name=\"_wpcf7_locale\" value=\"it_IT\" \/>\n<input type=\"hidden\" name=\"_wpcf7_unit_tag\" value=\"wpcf7-f2851-o1\" \/>\n<input type=\"hidden\" name=\"_wpcf7_container_post\" value=\"0\" \/>\n<input type=\"hidden\" name=\"_wpcf7_posted_data_hash\" value=\"\" \/>\n<\/div>\n<p><label> Il tuo nome (richiesto)<br \/>\n    <span class=\"wpcf7-form-control-wrap your-name\"><input type=\"text\" name=\"your-name\" value=\"\" size=\"40\" class=\"wpcf7-form-control wpcf7-text wpcf7-validates-as-required\" aria-required=\"true\" aria-invalid=\"false\" \/><\/span> <\/label><\/p>\n<p><label> La tua Email (richiesta)<br \/>\n    <span class=\"wpcf7-form-control-wrap your-email\"><input type=\"email\" name=\"your-email\" value=\"\" size=\"40\" class=\"wpcf7-form-control wpcf7-text wpcf7-email wpcf7-validates-as-required wpcf7-validates-as-email\" aria-required=\"true\" aria-invalid=\"false\" \/><\/span> <\/label><\/p>\n<p><label> Scegli il servizio per il quale richiedi informazioni<br \/>\n   <span class=\"wpcf7-form-control-wrap menu-742\"><select name=\"menu-742\" class=\"wpcf7-form-control wpcf7-select wpcf7-validates-as-required\" aria-required=\"true\" aria-invalid=\"false\"><option value=\"Rieducazione e Riabilitazione del Pavimento Pelvico\">Rieducazione e Riabilitazione del Pavimento Pelvico<\/option><option value=\"Vagy Combi\">Vagy Combi<\/option><\/select><\/span>  <\/label><\/p>\n<p><label> Messaggio<br \/>\n    <span class=\"wpcf7-form-control-wrap your-message\"><textarea name=\"your-message\" cols=\"40\" rows=\"10\" class=\"wpcf7-form-control wpcf7-textarea\" aria-invalid=\"false\"><\/textarea><\/span> <\/label><\/p>\n<p><span class=\"wpcf7-form-control-wrap acceptance-862\"><span class=\"wpcf7-form-control wpcf7-acceptance\"><span class=\"wpcf7-list-item\"><input type=\"checkbox\" name=\"acceptance-862\" value=\"1\" aria-invalid=\"false\" \/><\/span><\/span><\/span> Accetto le condizioni dettagliate alla pagina \"<a href=\"http:\/\/mamagea.it\/privacy\">Informativa<\/a>\" del presente sito web<\/p>\n<p>[recaptcha]<\/p>\n<p><input type=\"submit\" value=\"Invia\" class=\"wpcf7-form-control has-spinner wpcf7-submit\" \/><\/p>\n<div class=\"wpcf7-response-output\" aria-hidden=\"true\"><\/div><\/form><\/div><\/div><\/div><\/div><div  class=\"bt_bb_column col-xxl-6 col-xl-6 col-xs-12 col-sm-6 col-md-6 col-lg-6 bt_bb_vertical_align_top bt_bb_align_left bt_bb_padding_normal\"  data-width=\"6\" data-bt-override-class=\"{}\"><div class=\"bt_bb_column_content\"><header class=\"bt_bb_headline bt_bb_font_weight_bolder bt_bb_color_scheme_16 bt_bb_dash_none bt_bb_size_huge bt_bb_align_inherit bt_bb_dash_type_none\" data-bt-override-class=\"{&quot;bt_bb_align_&quot;:{&quot;current_class&quot;:&quot;bt_bb_align_inherit&quot;,&quot;xl&quot;:&quot;inherit&quot;}}\"><h2 class=\"bt_bb_headline_tag\"><span class=\"bt_bb_headline_content\"><span><small>I Nostri Corsi<\/small><br \/>\r\nPer Te<\/span><\/span><\/h2><\/header><div class=\"bt_bb_separator bt_bb_top_spacing_small bt_bb_bottom_spacing_normal bt_bb_border_style_none\"><\/div><div class=\"bt_bb_latest_posts bt_bb_columns_1 bt_bb_gap_normal bt_bb_look_clean_author bt_bb_image_shape_square\"><\/div><\/div><\/div><\/div><\/div><\/div><\/div><\/div><\/section><\/div>","protected":false},"excerpt":{"rendered":"<p>Distinctively exploit optimal alignments for intuitive bandwidth. Quickly coordinate e-business applications through revolutionary catalysts for change. Seamlessly underwhelm optimal testing procedures whereas bricks-and-clicks processes.<\/p>\n","protected":false},"author":1,"featured_media":0,"parent":0,"menu_order":0,"comment_status":"closed","ping_status":"closed","template":"","meta":{"footnotes":""},"class_list":["post-2854","page","type-page","status-publish","hentry"],"_links":{"self":[{"href":"https:\/\/www.mamagea.it\/2021\/wp-json\/wp\/v2\/pages\/2854","targetHints":{"allow":["GET"]}}],"collection":[{"href":"https:\/\/www.mamagea.it\/2021\/wp-json\/wp\/v2\/pages"}],"about":[{"href":"https:\/\/www.mamagea.it\/2021\/wp-json\/wp\/v2\/types\/page"}],"author":[{"embeddable":true,"href":"https:\/\/www.mamagea.it\/2021\/wp-json\/wp\/v2\/users\/1"}],"replies":[{"embeddable":true,"href":"https:\/\/www.mamagea.it\/2021\/wp-json\/wp\/v2\/comments?post=2854"}],"version-history":[{"count":7,"href":"https:\/\/www.mamagea.it\/2021\/wp-json\/wp\/v2\/pages\/2854\/revisions"}],"predecessor-version":[{"id":3202,"href":"https:\/\/www.mamagea.it\/2021\/wp-json\/wp\/v2\/pages\/2854\/revisions\/3202"}],"wp:attachment":[{"href":"https:\/\/www.mamagea.it\/2021\/wp-json\/wp\/v2\/media?parent=2854"}],"curies":[{"name":"wp","href":"https:\/\/api.w.org\/{rel}","templated":true}]}}