{"id":2700,"date":"2022-02-14T16:34:49","date_gmt":"2022-02-14T15:34:49","guid":{"rendered":"http:\/\/www.mamagea.it\/2021\/?page_id=2700"},"modified":"2022-05-11T11:42:43","modified_gmt":"2022-05-11T09:42:43","slug":"l-associazione-di-promozione-alla-salute","status":"publish","type":"page","link":"https:\/\/www.mamagea.it\/2021\/l-associazione-di-promozione-alla-salute\/","title":{"rendered":"L&#8217;Associazione di promozione alla Salute"},"content":{"rendered":"<div class=\"bt_bb_wrapper\"><section id=\"bt_bb_section69ef9dde5b5b5\" data-parallax=\"0.6\" data-parallax-offset=\"0\" data-background_image_src=\"'https:\/\/www.mamagea.it\/2021\/wp-content\/uploads\/2020\/04\/bgn-blurb-1.png'\" class=\"bt_bb_section bt_bb_top_spacing_medium bt_bb_color_scheme_11 bt_bb_layout_boxed_1200 bt_bb_vertical_align_top btLazyLoadBackground bt_bb_background_image bt_bb_parallax\" style=\"background-image:url(&#039;https:\/\/www.mamagea.it\/2021\/wp-content\/plugins\/bold-page-builder\/img\/blank.gif&#039;);;background-color:#fdabb7;\"><div class=\"bt_bb_port\"><div class=\"bt_bb_cell\"><div class=\"bt_bb_cell_inner\"><div class=\"bt_bb_row_wrapper\"><div  class=\"bt_bb_row\" ><div  class=\"bt_bb_column col-xxl-6 col-xl-6 bt_bb_vertical_align_bottom bt_bb_align_left bt_bb_padding_normal\"  data-width=\"6\" data-bt-override-class=\"{}\"><div class=\"bt_bb_column_content\"><div class=\"bt_bb_separator bt_bb_bottom_spacing_medium bt_bb_border_style_none\"><\/div><div class=\"bt_bb_separator bt_bb_bottom_spacing_medium bt_bb_border_style_none\"><\/div><header class=\"bt_bb_headline bt_bb_font_weight_bold bt_bb_dash_none bt_bb_size_huge bt_bb_subheadline bt_bb_align_inherit bt_bb_dash_type_none\" data-bt-override-class=\"{&quot;bt_bb_align_&quot;:{&quot;current_class&quot;:&quot;bt_bb_align_inherit&quot;,&quot;xl&quot;:&quot;inherit&quot;}}\"><h1 class=\"bt_bb_headline_tag\"><span class=\"bt_bb_headline_content\"><span>L' <s>Associazione di promozione <\/s>Alla Salute<\/span><\/span><\/h1><div class=\"bt_bb_headline_subheadline\">Di cosa si occupa la nostra associazione di promozione alla salute...<\/div><\/header><div class=\"bt_bb_separator bt_bb_bottom_spacing_large bt_bb_border_style_none\"><\/div><\/div><\/div><div  class=\"bt_bb_column col-xxl-6 col-xl-6 bt_bb_vertical_align_bottom bt_bb_align_center bt_bb_padding_normal bt_bb_animation_fade_in bt_bb_animation_move_up animate\" style=\"position: relative;\" data-width=\"6\" data-bt-override-class=\"{}\"><div class=\"bt_bb_column_content\"><div class=\"bt_bb_image bt_bb_shape_square bt_bb_align_inherit bt_bb_hover_style_simple bt_bb_content_display_always bt_bb_content_align_middle\" style=\"max-width: 560px;\" data-bt-override-class=\"{&quot;bt_bb_align_&quot;:{&quot;current_class&quot;:&quot;bt_bb_align_inherit&quot;,&quot;xl&quot;:&quot;inherit&quot;}}\"><span><img loading=\"lazy\" decoding=\"async\" width=\"931\" height=\"840\" src=\"https:\/\/www.mamagea.it\/2021\/wp-content\/uploads\/2022\/02\/perabout.png\" class=\"attachment-full size-full\" alt=\"https:\/\/www.mamagea.it\/2021\/wp-content\/uploads\/2022\/02\/perabout.png\" data-full_image_src=\"https:\/\/www.mamagea.it\/2021\/wp-content\/uploads\/2022\/02\/perabout.png\" title=\"perabout\" srcset=\"https:\/\/www.mamagea.it\/2021\/wp-content\/uploads\/2022\/02\/perabout.png 931w, https:\/\/www.mamagea.it\/2021\/wp-content\/uploads\/2022\/02\/perabout-640x577.png 640w, https:\/\/www.mamagea.it\/2021\/wp-content\/uploads\/2022\/02\/perabout-768x693.png 768w, https:\/\/www.mamagea.it\/2021\/wp-content\/uploads\/2022\/02\/perabout-320x289.png 320w\" sizes=\"auto, (max-width: 931px) 100vw, 931px\" \/><\/span><\/div><div class=\"bt_bb_floating_image bt_bb_floating_image_horizontal_position_center bt_bb_floating_image_vertical_position_bottom bt_bb_floating_image_animation_delay_default bt_bb_floating_image_animation_duration_default bt_bb_floating_image_animation_style_ease_out\" style=\"max-width: 520px;\" data-speed=\"1.0\"><div class=\"bt_bb_floating_image_image\" data-speed=\"1.0\"><div class=\"bt_bb_image\" data-bt-override-class=\"{}\"><span><img loading=\"lazy\" decoding=\"async\" width=\"931\" height=\"942\" src=\"https:\/\/www.mamagea.it\/2021\/wp-content\/uploads\/2020\/04\/floater-1.png\" class=\"attachment-full size-full\" alt=\"https:\/\/www.mamagea.it\/2021\/wp-content\/uploads\/2020\/04\/floater-1.png\" data-full_image_src=\"https:\/\/www.mamagea.it\/2021\/wp-content\/uploads\/2020\/04\/floater-1.png\" title=\"floater-1\" srcset=\"https:\/\/www.mamagea.it\/2021\/wp-content\/uploads\/2020\/04\/floater-1.png 931w, https:\/\/www.mamagea.it\/2021\/wp-content\/uploads\/2020\/04\/floater-1-640x648.png 640w, https:\/\/www.mamagea.it\/2021\/wp-content\/uploads\/2020\/04\/floater-1-768x777.png 768w, https:\/\/www.mamagea.it\/2021\/wp-content\/uploads\/2020\/04\/floater-1-320x324.png 320w\" sizes=\"auto, (max-width: 931px) 100vw, 931px\" \/><\/span><\/div><\/div><\/div><\/div><\/div><\/div><\/div><\/div><\/div><\/div><\/section><section id=\"bt_bb_section69ef9dde5c7a1\"  class=\"bt_bb_section bt_bb_top_spacing_large bt_bb_bottom_spacing_large bt_bb_layout_boxed_1200 bt_bb_vertical_align_top\" ><div class=\"bt_bb_port\"><div class=\"bt_bb_cell\"><div class=\"bt_bb_cell_inner\"><div class=\"bt_bb_row_wrapper\"><div  class=\"bt_bb_row\" ><div  class=\"bt_bb_column col-xxl-12 col-xl-12 col-xs-12 col-sm-12 col-md-12 col-lg-12 bt_bb_vertical_align_top bt_bb_align_left bt_bb_mobile_align_to_both_edges bt_bb_padding_normal bt_bb_animation_fade_in animate\"  data-width=\"12\" data-bt-override-class=\"{}\"><div class=\"bt_bb_column_content\"><div class=\"bt_bb_separator bt_bb_bottom_spacing_small bt_bb_border_style_none\"><\/div><div  class=\"bt_bb_text\" ><p>L\u2019associazione <b>Mamagea<\/b>\u00a0nasce nel 2016 dal nostro desidero di diffondere una buona e sana \u201ccultura\u201d ostetrica basata su informazioni corrette ed evidenze scientifiche, con l\u2019intento di promuovere la\u00a0<b>scelta libera<\/b>\u00a0e<b>\u00a0consapevole.\u00a0<\/b>Obiettivo dell\u2019associazione \u00e8 quello di coinvolgere sempre pi\u00f9 donne, coppie e famiglie in un percorso di\u00a0<b>salute<\/b>\u00a0e\u00a0<b>benessere<\/b>\u00a0alla scoperta di s\u00e9 e delle proprie risorse con lo scopo di creare una\u00a0<b>rete sociale<\/b>\u00a0vera e concreta, non solo tra i professionisti, ma anche tra le persone, con il coinvolgimento di altri enti e l\u2019attivazione di servizi per la comunit\u00e0. Particolare attenzione \u00e8 rivolta ai percorsi dedicati alla genitorialit\u00e0 e alla nascita. Mamagea come<b>\u00a0luogo di incontro, condivisone, ascolto, empatia,<\/b>\u00a0un ambiente in cui esprimere liberamente le proprie opinioni, accrescere le proprie risorse, dare risposta alle proprie domande e trovare il giusto sostegno, in caso di necessit\u00e0.<\/p>\n<\/div><div class=\"bt_bb_separator bt_bb_top_spacing_small bt_bb_bottom_spacing_normal bt_bb_border_style_none\"><\/div><\/div><\/div><\/div><\/div><div class=\"bt_bb_row_wrapper\"><div  class=\"bt_bb_row\" ><div  class=\"bt_bb_column col-xxl-12 col-xl-12 col-xs-12 col-sm-12 col-md-12 col-lg-12 bt_bb_vertical_align_top bt_bb_align_left bt_bb_mobile_align_to_both_edges bt_bb_padding_normal bt_bb_animation_fade_in animate\"  data-width=\"12\" data-bt-override-class=\"{}\"><div class=\"bt_bb_column_content\"><header class=\"bt_bb_headline bt_bb_font_weight_bolder bt_bb_color_scheme_16 bt_bb_dash_none bt_bb_size_huge bt_bb_align_inherit bt_bb_dash_type_none\" data-bt-override-class=\"{&quot;bt_bb_align_&quot;:{&quot;current_class&quot;:&quot;bt_bb_align_inherit&quot;,&quot;xl&quot;:&quot;inherit&quot;}}\"><h2 class=\"bt_bb_headline_tag\"><span class=\"bt_bb_headline_content\"><span><small>Se Vuoi<\/small><br \/>\r\nDiventare Socio<\/span><\/span><\/h2><\/header><div class=\"bt_bb_separator bt_bb_bottom_spacing_small bt_bb_border_style_none\"><\/div><div  class=\"bt_bb_text\" ><p>E\u2019 necessario iscriversi e versare il contributo di 10 euro; la quota associativa annuale comprende l\u2019 accesso a tutte le nostre attivit\u00e0 culturali gratuite e la partecipazioni a incontri informativi e corsi con una tariffa agevolata.<br \/>\nSi rivolge alla comunit\u00e0 per promuovere la\u00a0<strong>salute collettiva<\/strong>\u00a0attraverso interventi di\u00a0<strong>educazione all\u2019affettivit\u00e0 e sessualit\u00e0<\/strong>\u00a0dall\u2019et\u00e0 prescolare fino all\u2019et\u00e0 adulta.<br \/>\nSi avvale di consulenze specialistiche e della collaborazione di altre figure professionali,\u00a0laddove lo ritiene necessario.<\/p>\n<\/div><div class=\"bt_bb_separator bt_bb_top_spacing_small bt_bb_bottom_spacing_normal bt_bb_border_style_none\"><\/div><\/div><\/div><\/div><\/div><div class=\"bt_bb_row_wrapper\"><div  class=\"bt_bb_row\" ><\/div><\/div><\/div><\/div><\/div><\/section><\/div>","protected":false},"excerpt":{"rendered":"<p>Distinctively exploit optimal alignments for intuitive bandwidth. Quickly coordinate e-business applications through revolutionary catalysts for change. Seamlessly underwhelm optimal testing procedures whereas bricks-and-clicks processes.<\/p>\n","protected":false},"author":1,"featured_media":494,"parent":0,"menu_order":0,"comment_status":"closed","ping_status":"closed","template":"","meta":{"footnotes":""},"class_list":["post-2700","page","type-page","status-publish","has-post-thumbnail","hentry"],"_links":{"self":[{"href":"https:\/\/www.mamagea.it\/2021\/wp-json\/wp\/v2\/pages\/2700","targetHints":{"allow":["GET"]}}],"collection":[{"href":"https:\/\/www.mamagea.it\/2021\/wp-json\/wp\/v2\/pages"}],"about":[{"href":"https:\/\/www.mamagea.it\/2021\/wp-json\/wp\/v2\/types\/page"}],"author":[{"embeddable":true,"href":"https:\/\/www.mamagea.it\/2021\/wp-json\/wp\/v2\/users\/1"}],"replies":[{"embeddable":true,"href":"https:\/\/www.mamagea.it\/2021\/wp-json\/wp\/v2\/comments?post=2700"}],"version-history":[{"count":7,"href":"https:\/\/www.mamagea.it\/2021\/wp-json\/wp\/v2\/pages\/2700\/revisions"}],"predecessor-version":[{"id":2957,"href":"https:\/\/www.mamagea.it\/2021\/wp-json\/wp\/v2\/pages\/2700\/revisions\/2957"}],"wp:featuredmedia":[{"embeddable":true,"href":"https:\/\/www.mamagea.it\/2021\/wp-json\/wp\/v2\/media\/494"}],"wp:attachment":[{"href":"https:\/\/www.mamagea.it\/2021\/wp-json\/wp\/v2\/media?parent=2700"}],"curies":[{"name":"wp","href":"https:\/\/api.w.org\/{rel}","templated":true}]}}